{"id":1009,"date":"2016-10-18T04:21:28","date_gmt":"2016-10-18T01:21:28","guid":{"rendered":"https:\/\/www.indiefilms.fi\/?page_id=1009"},"modified":"2023-02-17T15:59:33","modified_gmt":"2023-02-17T13:59:33","slug":"au-pair","status":"publish","type":"page","link":"https:\/\/www.indiefilms.fi\/en\/films\/au-pair\/","title":{"rendered":"Au Pair"},"content":{"rendered":"\n<figure class=\"wp-block-image size-full\"><a href=\"https:\/\/www.indiefilms.fi\/indie-films\/au-pair\/au_pair_press_photo_2_800px_72dpi_web\/\" rel=\"attachment wp-att-1020\"><img loading=\"lazy\" decoding=\"async\" width=\"800\" height=\"432\" src=\"https:\/\/www.indiefilms.fi\/wp-content\/uploads\/2016\/10\/Au_Pair_press_photo_2_800px_72dpi_web.jpg\" alt=\"au_pair_press_photo_2_800px_72dpi_web\" class=\"wp-image-1020\" srcset=\"https:\/\/www.indiefilms.fi\/wp-content\/uploads\/2016\/10\/Au_Pair_press_photo_2_800px_72dpi_web.jpg 800w, https:\/\/www.indiefilms.fi\/wp-content\/uploads\/2016\/10\/Au_Pair_press_photo_2_800px_72dpi_web-400x216.jpg 400w, https:\/\/www.indiefilms.fi\/wp-content\/uploads\/2016\/10\/Au_Pair_press_photo_2_800px_72dpi_web-768x415.jpg 768w\" sizes=\"auto, (max-width: 800px) 100vw, 800px\" \/><\/a><\/figure>\n\n\n\n<p>Another weird animation by the trusted directors.&nbsp;Woman becomes an Au pair for a single man&#8217;s cardboard family.<\/p>\n\n\n\n<p>Directors: Tatu Pohjavirta ja Mark St\u00e5hle<br>Music: Petri Mattila<br>Sound design: Salla H\u00e4m\u00e4l\u00e4inen<br>Production: Tatu Pohjavirta &amp; Tomi Riionheimo\/Indie Films Oy<\/p>\n\n\n\n<p>Premiere: 2017<br>Formats: DCP, mp4, audio 5.1 or stereo<br>Duration: 13 minutes<\/p>\n\n\n\n<p>Screenings:<\/p>\n\n\n\n<ul class=\"wp-block-list\"><li><a href=\"https:\/\/tamperefilmfestival.fi\">Tampere Film Festival<\/a>&nbsp;8.-12.3.2017 (kotimainen kilpailu)<\/li><li>Animoituja unelmia, 19.3.2017 Kino K13 Helsinki,&nbsp;Finland<\/li><li><a href=\"http:\/\/www.betherefest.gr\">Corfu Animation Festival<\/a>&nbsp;29.3.-2.4.2017<\/li><\/ul>\n","protected":false},"excerpt":{"rendered":"<p>Another weird animation by the trusted directors. The 2D world is stretching to the limits of your mind. Not for minors.<\/p>\n","protected":false},"author":3,"featured_media":1020,"parent":1130,"menu_order":22,"comment_status":"closed","ping_status":"closed","template":"","meta":{"_acf_changed":false,"_locale":"en_US","_original_post":"1009","footnotes":""},"categories":[5],"class_list":["post-1009","page","type-page","status-publish","has-post-thumbnail","hentry","category-elokuvat","en-US"],"acf":[],"_links":{"self":[{"href":"https:\/\/www.indiefilms.fi\/wp-json\/wp\/v2\/pages\/1009","targetHints":{"allow":["GET"]}}],"collection":[{"href":"https:\/\/www.indiefilms.fi\/wp-json\/wp\/v2\/pages"}],"about":[{"href":"https:\/\/www.indiefilms.fi\/wp-json\/wp\/v2\/types\/page"}],"author":[{"embeddable":true,"href":"https:\/\/www.indiefilms.fi\/wp-json\/wp\/v2\/users\/3"}],"replies":[{"embeddable":true,"href":"https:\/\/www.indiefilms.fi\/wp-json\/wp\/v2\/comments?post=1009"}],"version-history":[{"count":0,"href":"https:\/\/www.indiefilms.fi\/wp-json\/wp\/v2\/pages\/1009\/revisions"}],"up":[{"embeddable":true,"href":"https:\/\/www.indiefilms.fi\/wp-json\/wp\/v2\/pages\/1130"}],"wp:featuredmedia":[{"embeddable":true,"href":"https:\/\/www.indiefilms.fi\/wp-json\/wp\/v2\/media\/1020"}],"wp:attachment":[{"href":"https:\/\/www.indiefilms.fi\/wp-json\/wp\/v2\/media?parent=1009"}],"wp:term":[{"taxonomy":"category","embeddable":true,"href":"https:\/\/www.indiefilms.fi\/wp-json\/wp\/v2\/categories?post=1009"}],"curies":[{"name":"wp","href":"https:\/\/api.w.org\/{rel}","templated":true}]}}