{"id":1130,"date":"2022-09-22T21:28:28","date_gmt":"2022-09-22T18:28:28","guid":{"rendered":"https:\/\/www.indiefilms.fi\/?page_id=1130"},"modified":"2023-03-25T10:35:08","modified_gmt":"2023-03-25T08:35:08","slug":"films","status":"publish","type":"page","link":"https:\/\/www.indiefilms.fi\/en\/films\/","title":{"rendered":"Films"},"content":{"rendered":"\n\n<ul class=\"simpletoc-list\" style=\"padding-left:0;list-style:none;\">\n<li><a href=\"#animaatiot\">Animations<\/a>\n\n<\/li>\n<li><a href=\"#dokumentit\">Dokumentaries<\/a>\n\n<\/li>\n<li><a href=\"#fiktiot\">Fiction<\/a>\n\n<\/li>\n<li><a href=\"#dvdt\">DVD<\/a>\n\n<\/li>\n<li><a href=\"#musiikkivideot\">Music videos<\/a>\n<\/li><\/ul>\n\n\n<h2 class=\"wp-block-heading\" id=\"animaatiot\">Animations<\/h2>\n\n\n\n<ul class=\"wp-block-list\">\n<li><a href=\"https:\/\/www.indiefilms.fi\/en\/films\/au-pair\/\" data-type=\"page\" data-id=\"1009\">Au Pair<\/a> (2017), 13 min., dir. Tatu Pohjavirta ja Mark St\u00e5hle<\/li>\n\n\n\n<li><a href=\"https:\/\/www.indiefilms.fi\/en\/films\/tatu-pohjavirta-lepatus\/\" data-type=\"page\" data-id=\"1264\">Flapping<\/a> (2015), 5 min. 20 s, dir. Tatu Pohjavirta<\/li>\n\n\n\n<li><a href=\"https:\/\/www.indiefilms.fi\/en\/films\/2-12-bodies\/\" data-type=\"page\" data-id=\"861\">2 1\/2 Bodies<\/a>, dir. Tatu Pohjanvirta <em>(on hold)<\/em><\/li>\n\n\n\n<li><a href=\"https:\/\/www.indiefilms.fi\/en\/films\/the-mangel\/\" data-type=\"page\" data-id=\"870\">The Mangel<\/a> (2011), 10 min, dir. Jan Andersson &amp; Katja Kettu<\/li>\n\n\n\n<li><a href=\"https:\/\/www.indiefilms.fi\/en\/films\/curse-of-the-remote-island\/\" data-type=\"page\" data-id=\"868\">Curse of the Remote Island<\/a> (2008), 16 min, dir. CHRZU<\/li>\n\n\n\n<li><a href=\"https:\/\/www.indiefilms.fi\/en\/films\/tango-finlandia\/\" data-type=\"page\" data-id=\"865\">Tango Finlandia<\/a> (2006) 6 min, 35mm, dir. Hannu Lajunen and Tomi Riionheimo<\/li>\n\n\n\n<li><a rel=\"noreferrer noopener\" href=\"https:\/\/fi.wikipedia.org\/wiki\/I_Walk_the_Line_(yhtye)\" target=\"_blank\">I Walk The Line<\/a>: <a rel=\"noreferrer noopener\" href=\"https:\/\/www.youtube.com\/watch?v=HLCboUeq6ag\" target=\"_blank\">When I&#8217;m Gone music video<\/a> (2006), dir. Katja Kettu (with Combat Rock Industry)<\/li>\n\n\n\n<li>Naapurukset (2004), 2 min, beta, dir. Tero Tolvanen<\/li>\n\n\n\n<li><a href=\"https:\/\/www.indiefilms.fi\/en\/films\/hankerchifs-for-sale\/\" data-type=\"page\" data-id=\"872\">Hankerchifs for Sale<\/a> (2003), 17 min, 35 mm, dir. Jan Andersson<\/li>\n\n\n\n<li>Kiitokset humpasta (2002), 3 min music video, beta, dir. Riionheimo and Lajunen<\/li>\n\n\n\n<li>Rytmih\u00e4iri\u00f6it\u00e4 (2000), 24 min, 35 mm, dir. Pietari Koskinen<\/li>\n\n\n\n<li>Rieku ja Raiku series (1998), 12 os. 21 min, 35 mm, dir. Tomi Riionheimo and Hannu Lajunen<\/li>\n\n\n\n<li>Rieku ja Raiku pimustavat baarilla (1996), 2 min, 35 mm, dir. Tomi Riionheimo and Hannu Lajunen<\/li>\n\n\n\n<li>Verta ja luita (1994), 2 min, 35 mm, dir. Pietari Koskinen<\/li>\n\n\n\n<li>Pajulintu (1994), 4 min, 35 mm, dir. Eeva Louhio, Oskari Torvinen and Juha Tuisku<\/li>\n\n\n\n<li>Riesa (1994), 17 min, 35 mm, dir. Maija Kainulainen<\/li>\n\n\n\n<li>Tulisuudelma (1990), 3 min, 35 mm, dir. Kati Lukka, Tarja V\u00e4\u00e4t\u00e4nen and Pirjo Rossi<\/li>\n<\/ul>\n\n\n\n<h2 class=\"wp-block-heading\" id=\"dokumentit\">Dokumentaries<\/h2>\n\n\n\n<ul class=\"wp-block-list\">\n<li>Chaos Ridden Years (2006), 40 min, DVD, dir. Yk\u00e4 J\u00e4rvinen<\/li>\n\n\n\n<li>IAML TV-series (MoonTV) (2002), 8&#215;26 min, multiple directors<\/li>\n\n\n\n<li>Viimeinen n\u00e4yt\u00f6s (1999), 35 mm, dir. Petri Rossi<\/li>\n\n\n\n<li>Pajatso (1996), 7 min, 35 mm, dir. Petri Rossi<\/li>\n\n\n\n<li>Icecube Cafe (1992), 25 min, 16 mm, dir. Geert Braam<\/li>\n\n\n\n<li>Ovet (1992), 5 min, 16 mm, dir. Petri Rossi<\/li>\n\n\n\n<li>Lois Victor ja Hymypesukoneorkesteri (1990), 9 min, 35 mm, dir. Petri Rossi<\/li>\n\n\n\n<li>Henkinen arkkitehtuuri (1989), 25 min, 35 mm, dir. Arto Koskinen<\/li>\n<\/ul>\n\n\n\n<h2 class=\"wp-block-heading\" id=\"fiktiot\">Fiction<\/h2>\n\n\n\n<ul class=\"wp-block-list\">\n<li>Paperback writer (2000), 3 min, 8mm, dir. Kimmo Taavila<\/li>\n\n\n\n<li>Kuvitelmia maailmankaikkeudesta (1999), 12 min, 35mm, dir. Jari Haanper\u00e4<\/li>\n\n\n\n<li>Folio-olio kohtaa Lapin seriffin (1995), 4 min, 35mm, dir. Pekka Jokinen<\/li>\n\n\n\n<li>Sukellus (1991), 35 min, 35 mm, dir. Arto Koskinen<\/li>\n\n\n\n<li>Etydi (1989) 6 min, 35 mm, dir. ty\u00f6ryhm\u00e4<\/li>\n<\/ul>\n\n\n\n<h2 class=\"wp-block-heading\" id=\"dvdt\">DVD<\/h2>\n\n\n\n<ul class=\"wp-block-list\">\n<li><a href=\"http:\/\/www.pellemiljoona.net\/\" target=\"_blank\" rel=\"noreferrer noopener\">Pelle Miljoona<\/a>: El\u00e4! (2005), DVD, produced with <a href=\"http:\/\/www.stupido.fi\/\" target=\"_blank\" rel=\"noreferrer noopener\">Stupido Records<\/a><\/li>\n\n\n\n<li><a href=\"http:\/\/www.humppa.com\/\" target=\"_blank\" rel=\"noreferrer noopener\">El\u00e4kel\u00e4iset<\/a>: Sekoilun ytimess\u00e4 (2003), DVD, produced with <a rel=\"noreferrer noopener\" href=\"http:\/\/www.stupido.fi\/\" target=\"_blank\">Stupido Records<\/a><\/li>\n<\/ul>\n\n\n\n<h2 class=\"wp-block-heading\" id=\"musiikkivideot\">Music videos<\/h2>\n\n\n\n<ul class=\"wp-block-list\">\n<li>Sonata Arctica: Don&#8217;t Say A Word (2004), dir. Ed Grain<\/li>\n\n\n\n<li>Hypnomen: Busting Out video (2004), dir. Max Power<\/li>\n\n\n\n<li>Entwine: Bitter Sweet (2004), dir. Ed Grain<\/li>\n\n\n\n<li>Norther: Death Unlimited (2004), dir. Ed Grain<\/li>\n\n\n\n<li><a href=\"http:\/\/www.cobhc.com\/\" target=\"_blank\" rel=\"noreferrer noopener\">Children Of Bodom<\/a>: Sixpounder (2003), dir. Ed Grain<\/li>\n\n\n\n<li>El\u00e4kel\u00e4iset: Kev\u00e4thumppa (2003), dir. Pekka Jokinen<\/li>\n<\/ul>\n","protected":false},"excerpt":{"rendered":"<p>The Indie Films tradition is to produce good animations and do whatever the crew likes to do.<\/p>\n","protected":false},"author":3,"featured_media":0,"parent":0,"menu_order":38,"comment_status":"closed","ping_status":"closed","template":"","meta":{"_acf_changed":false,"_locale":"en_US","_original_post":"https:\/\/www.indiefilms.fi\/?page_id=1129","footnotes":""},"categories":[],"class_list":["post-1130","page","type-page","status-publish","hentry","en-US"],"acf":[],"_links":{"self":[{"href":"https:\/\/www.indiefilms.fi\/wp-json\/wp\/v2\/pages\/1130","targetHints":{"allow":["GET"]}}],"collection":[{"href":"https:\/\/www.indiefilms.fi\/wp-json\/wp\/v2\/pages"}],"about":[{"href":"https:\/\/www.indiefilms.fi\/wp-json\/wp\/v2\/types\/page"}],"author":[{"embeddable":true,"href":"https:\/\/www.indiefilms.fi\/wp-json\/wp\/v2\/users\/3"}],"replies":[{"embeddable":true,"href":"https:\/\/www.indiefilms.fi\/wp-json\/wp\/v2\/comments?post=1130"}],"version-history":[{"count":0,"href":"https:\/\/www.indiefilms.fi\/wp-json\/wp\/v2\/pages\/1130\/revisions"}],"wp:attachment":[{"href":"https:\/\/www.indiefilms.fi\/wp-json\/wp\/v2\/media?parent=1130"}],"wp:term":[{"taxonomy":"category","embeddable":true,"href":"https:\/\/www.indiefilms.fi\/wp-json\/wp\/v2\/categories?post=1130"}],"curies":[{"name":"wp","href":"https:\/\/api.w.org\/{rel}","templated":true}]}}