{"id":868,"date":"2015-06-22T22:32:29","date_gmt":"2015-06-22T19:32:29","guid":{"rendered":"https:\/\/www.indiefilms.fi\/?page_id=868"},"modified":"2023-04-04T10:17:04","modified_gmt":"2023-04-04T07:17:04","slug":"curse-of-the-remote-island","status":"publish","type":"page","link":"https:\/\/www.indiefilms.fi\/en\/films\/curse-of-the-remote-island\/","title":{"rendered":"Curse Of The Remote Island"},"content":{"rendered":"\n<figure class=\"wp-block-image size-full\"><img loading=\"lazy\" decoding=\"async\" width=\"360\" height=\"524\" src=\"https:\/\/www.indiefilms.fi\/wp-content\/uploads\/2022\/09\/kauko_juliste_360.jpg\" alt=\"\" class=\"wp-image-1209\" srcset=\"https:\/\/www.indiefilms.fi\/wp-content\/uploads\/2022\/09\/kauko_juliste_360.jpg 360w, https:\/\/www.indiefilms.fi\/wp-content\/uploads\/2022\/09\/kauko_juliste_360-275x400.jpg 275w\" sizes=\"auto, (max-width: 360px) 100vw, 360px\" \/><\/figure>\n\n\n\n<ul class=\"wp-block-list\">\n<li>director: CHRZU<\/li>\n\n\n\n<li>original title: Kaukosaaren kirous &#8211; En fj\u00e4rran \u00f6s f\u00f6rbannelse<\/li>\n\n\n\n<li>German title: Der Fluch von der fernen Insel<\/li>\n\n\n\n<li>duration: 16 min 15 sec<\/li>\n\n\n\n<li>techniques: puppet\/3D<\/li>\n\n\n\n<li>themes: adventure, slap-stick, media criticism<\/li>\n\n\n\n<li>audience: adult<\/li>\n\n\n\n<li>premiere: March 2008<\/li>\n\n\n\n<li>Download press material from here.<\/li>\n<\/ul>\n\n\n\n<figure class=\"wp-block-image size-large\"><img loading=\"lazy\" decoding=\"async\" width=\"1024\" height=\"683\" src=\"https:\/\/www.indiefilms.fi\/wp-content\/uploads\/2022\/09\/CurseOfTheRemoteIsland_01-1-1024x683.jpg\" alt=\"Kaukosaaren kirous - Sir Void\" class=\"wp-image-1210\" srcset=\"https:\/\/www.indiefilms.fi\/wp-content\/uploads\/2022\/09\/CurseOfTheRemoteIsland_01-1-1024x683.jpg 1024w, https:\/\/www.indiefilms.fi\/wp-content\/uploads\/2022\/09\/CurseOfTheRemoteIsland_01-1-400x267.jpg 400w, https:\/\/www.indiefilms.fi\/wp-content\/uploads\/2022\/09\/CurseOfTheRemoteIsland_01-1-768x512.jpg 768w\" sizes=\"auto, (max-width: 1024px) 100vw, 1024px\" \/><figcaption class=\"wp-element-caption\">Sir Void walks around<\/figcaption><\/figure>\n\n\n\n<h2 id=\"synopsis\" class=\"wp-block-heading\">Synopsis<\/h2>\n\n\n\n<p>Sir Void, the heroic adventurer from the golden age of cartoons and silent film finds his way into the world of contemporary television. The curse of endless bad alternatives makes an impact on theinnocent explorer. This true story describes what really happened to to the original Tarzan, Vampira and all their forgotten friends.<\/p>\n\n\n\n<figure class=\"wp-block-image size-large\"><img loading=\"lazy\" decoding=\"async\" width=\"1024\" height=\"747\" src=\"https:\/\/www.indiefilms.fi\/wp-content\/uploads\/2022\/09\/CurseOfTheRemoteIsland_03-1-1024x747.jpg\" alt=\"Kaukosaaren kirous - katala kaveri\" class=\"wp-image-1211\" srcset=\"https:\/\/www.indiefilms.fi\/wp-content\/uploads\/2022\/09\/CurseOfTheRemoteIsland_03-1-1024x747.jpg 1024w, https:\/\/www.indiefilms.fi\/wp-content\/uploads\/2022\/09\/CurseOfTheRemoteIsland_03-1-400x292.jpg 400w, https:\/\/www.indiefilms.fi\/wp-content\/uploads\/2022\/09\/CurseOfTheRemoteIsland_03-1-768x560.jpg 768w\" sizes=\"auto, (max-width: 1024px) 100vw, 1024px\" \/><figcaption class=\"wp-element-caption\">This fellow has some plans for Sir Void.<\/figcaption><\/figure>\n\n\n\n<h2 id=\"dvd-releases\" class=\"wp-block-heading\">DVD releases<\/h2>\n\n\n\n<p>KinoKompo vol. 1 &#8211; 10 short films from Finland (Finnish film contact &amp; Tampere Film Festival). <a href=\"http:\/\/www.elokuvakontakti.fi\/site\/?lan=&amp;page_id=10&amp;dvd_id=63&amp;from=dvd\">BUY<\/a>.<\/p>\n\n\n\n<h2 id=\"festivals-and-screenings\" class=\"wp-block-heading\">Festivals and screenings<\/h2>\n\n\n\n<ul class=\"wp-block-list\">\n<li><a href=\"http:\/\/www.tamperefilmfestival.fi\">Tampereen elokuvajuhlat<\/a>,5.-9.3.2008 (esitykset 7. ja 8.3.)<\/li>\n\n\n\n<li><a href=\"http:\/\/www.taidemuseo.fi\/suomi\/tennispalatsi\/index.html\">Taidemuseo Tennispalatsi<\/a>, Helsinki 13.3.2008<\/li>\n\n\n\n<li><a href=\"http:\/\/www.kiasma.fi\">Kiasma-teatteri<\/a>, Helsinki, 19.3. 2008<\/li>\n\n\n\n<li><a href=\"http:\/\/www.animabasauri.com\/\">Animabasauri<\/a>, Bilbao, Espanja, 18.-25.4.2008<\/li>\n\n\n\n<li><a href=\"http:\/\/www.reanimacjafestival.com\/\">Reanimacja<\/a>, Lodz, Puola, 25.-27.4.<\/li>\n\n\n\n<li><a href=\"http:\/\/www.festival-cannes.fr\">Cannes<\/a> film festival, Short Film Corner, Ranska, 14.-25.5.2008<\/li>\n\n\n\n<li><a href=\"http:\/\/www.comic-salon.de\/\">Comic Salon<\/a>, Erlangen, Saksa, 22.-23.5.2008<\/li>\n\n\n\n<li><a href=\"http:\/\/www.babylon-kino-fuerth.de\/\">Babylon Kino<\/a>, Indie Films showcase, Furth\/Nurnberg, Saksa, 26.5.2008<\/li>\n\n\n\n<li><a href=\"http:\/\/www.filmcentrum.fi\">Finlandssvenskt filmcentrum<\/a> -esitys, Andorra, Helsinki, Finland, 28.5.2008<\/li>\n\n\n\n<li><a href=\"http:\/\/www.overcookedcinema.com\/\">Zeitgeist<\/a> International Film Festival, San Francisco, USA, 9.6.2008<\/li>\n\n\n\n<li><a href=\"http:\/\/www.msfilmfestival.fi\/\">Midnight Sun Film Festival<\/a>, Sodankyl\u00e4, Suomi 11.-15.6.2008<\/li>\n\n\n\n<li><a href=\"http:\/\/www.animamundi.com.br\/\">Anima Mundi<\/a>, Ro de Janeiro, Brasilia, 11.-20.7.2008<\/li>\n\n\n\n<li><a href=\"http:\/\/www.animamundi.com.br\/\">Anima Mundi<\/a>, Sao Paulo, Brasilia, 23.-27.7.2008<\/li>\n\n\n\n<li><a href=\"http:\/\/www.inventaunfilm.it\/public\/articles.asp?id=75\">Lenola Film Festival<\/a>, Italia, 19. ja 22.-27.8. 2008<\/li>\n\n\n\n<li><a href=\"http:\/\/hiroanim.org\/\">Hiroshima International Animation Festival<\/a>, Japani, 6.-12.8.2008<\/li>\n\n\n\n<li><a href=\"http:\/\/www.filmfestival.dk\/\">Odense Film Festival,<\/a> Tanska, 19.-24.8.2008<\/li>\n\n\n\n<li><a href=\"http:\/\/www.espoocine.fi\/\">Espoo Cine<\/a>, Espoo, Suomi, 19.-24.8.2008<\/li>\n\n\n\n<li><a href=\"http:\/\/www.magmafestival.org\/\">Magma<\/a>, Italia, 11.-14.9.2008<\/li>\n\n\n\n<li><a href=\"http:\/\/www.milanofilmfestival.it\/\">Milano Film Festival<\/a>, Italia, 12.-21.9.2008<\/li>\n\n\n\n<li><a href=\"http:\/\/www.fff.se\/\">Lund International Fantastic Film Festival<\/a>, Ruotsi,18.-27.10. 2008<\/li>\n\n\n\n<li>Ikiomat, Turku, Suomi, 19.10.2008<\/li>\n\n\n\n<li><a href=\"http:\/\/www.scienceplusfiction.org\/\">Trieste International Science Fiction Festival<\/a>, 11.-16.11.2008<\/li>\n\n\n\n<li><a href=\"http:\/\/www.sequence-court.com\/\">S\u00e9quence International Short-film Festival<\/a>, Toulouse, Ranska, 14.-30.11.2008<\/li>\n\n\n\n<li><a href=\"http:\/\/www.kettupaivat.fi\/\">Kettup\u00e4iv\u00e4t<\/a>, Helsinki, 2008<\/li>\n\n\n\n<li><a href=\"http:\/\/www.rokumentti.com\/\">Rokumentti<\/a>, Joensuu, 2008<\/li>\n\n\n\n<li>Cinemare, Joensuu, 2008<\/li>\n\n\n\n<li><a href=\"http:\/\/www.cortoons.it\/\">Cortoons<\/a>, Rooma, Italia, 25.-29.3.2009<\/li>\n\n\n\n<li><a href=\"http:\/\/www.festivalmauvaisgenre.com\/\">Festival Mauvais Genre<\/a>, Tours, Ranska, 11.-13.4.2009<\/li>\n\n\n\n<li><a href=\"http:\/\/www.hullfilm.co.uk\">Glimmer<\/a>, Hull, Iso Britannia 21.-26.4.<\/li>\n\n\n\n<li><a href=\"http:\/\/www.weekend-of-fear.com\/\">Weekend of Fear<\/a>, Erlangen, Saksa, 1.-2.5.2009<\/li>\n\n\n\n<li><a href=\"http:\/\/www.hahaha.com\/en\/\">JUST FOR LAUGHS<\/a>, Toronto, Kanada, 16.-26.7.2009<\/li>\n\n\n\n<li><a href=\"http:\/\/www.bramstokerfilmfestival.com\">Bram Stoker International Film Festival<\/a>, Whitby, UK, 16.-19.10.2009<\/li>\n<\/ul>\n\n\n\n<h2 id=\"awards\" class=\"wp-block-heading\">Awards<\/h2>\n\n\n\n<ul class=\"wp-block-list\">\n<li>Special prize, Finnish competition, Tampere Film Festival 2008<br>M\u00e9li\u00e8s award, Espoo Cin\u00e9, Finland, 2008<\/li>\n<\/ul>\n\n\n\n<blockquote class=\"wp-block-quote is-layout-flow wp-block-quote-is-layout-flow\">\n<p>A virtuosically executed, clever, and entertaining morality. The film pays mischievous tribute to the classics of animation.<\/p>\n<cite>Tampere Film Festival jury of the Finnish competition<\/cite><\/blockquote>\n\n\n\n<h2 id=\"crew\" class=\"wp-block-heading\">Crew<\/h2>\n\n\n\n<ul class=\"wp-block-list\">\n<li><strong>written, designed and directed by<\/strong> <a href=\"http:\/\/www.anikistit.net\/chrzu\/\">CHRZU<\/a><\/li>\n\n\n\n<li><strong>director of photography and lightning:<\/strong> Ville Muurinen<\/li>\n\n\n\n<li><strong>editing:<\/strong> Yk\u00e4 J\u00e4rvinen &amp; <a href=\"http:\/\/www.anikistit.net\/chrzu\/\">CHRZU<\/a><\/li>\n\n\n\n<li><strong>sound design:<\/strong> Mikko Paju<\/li>\n\n\n\n<li><strong>main animator:<\/strong> <a href=\"http:\/\/www.animaatiokopla.fi\/jasenet\/jan.php?open=J%E4senet\">Jan Andersson<\/a><\/li>\n\n\n\n<li><strong>animation:<\/strong> <a href=\"http:\/\/www.anikistit.net\/chrzu\/\">CHRZU<\/a>, Antti Laakso, Sara wahl<\/li>\n\n\n\n<li><strong>3D-animation:<\/strong> Risto Jankkila \/ <a href=\"http:\/\/www.digitalfilmfinland.fi\/\">Digital Film Finland<\/a><\/li>\n\n\n\n<li><strong>compositing and graphics:<\/strong> <a href=\"http:\/\/www.anikistit.net\/chrzu\/\">CHRZU<\/a>, Risto Jankkila, <a href=\"http:\/\/www.anikistit.net\/samppa_kukkonen\/\">Samppa Kukkonen<\/a><\/li>\n\n\n\n<li><strong>the heads and bones of Sir Void:<\/strong> Sara Wahl<\/li>\n\n\n\n<li><strong>puppet builders:<\/strong> <a href=\"http:\/\/www.anikistit.net\/chrzu\/\">CHRZU<\/a>, Sara Wahl, Antti Laakso<\/li>\n\n\n\n<li><strong>et building and props:<\/strong> <a href=\"http:\/\/www.anikistit.net\/chrzu\/\">CHRZU<\/a>, Taru Anttila, Sara Wahl, Minja Tuomisalo, Antti Laakso, Marko Jylh\u00e4<\/li>\n\n\n\n<li><strong>matte paintings: <\/strong>Taru Anttila,<\/li>\n\n\n\n<li><strong>music:<\/strong> <a href=\"https:\/\/fclate.org\/\">Lauri Hannu<\/a>, <a href=\"http:\/\/www.mikseri.net\/artists\/?id=35734\">Vauhtihirmu<\/a>, <a href=\"http:\/\/www.anikistit.net\/chrzu\/\">CHRZU<\/a><\/li>\n\n\n\n<li><strong>music recording:<\/strong> Tomi Pietil\u00e4, Lauri Hannu, Kalle Vaintola<\/li>\n\n\n\n<li><strong>music mixing:<\/strong> Tomi Pietil\u00e4 \/ <a href=\"http:\/\/mixroom.fi\/\">Akun Tehtaan MixRoom<\/a><\/li>\n\n\n\n<li><strong>musicians:<\/strong> Liisa Honkanen (harp), Petri Nieminen (flute), Tomi Hyttinen (perc), Lauri Hannu (keys, guitars, mandolin, perc, bass), Maiju Kopra (trumpet, vocals &amp; final scream), Hanna Lahtinen (vocals &amp; uuhs), Marianne Nurmi (vocals &amp; aahs), Mari Palviainen (vocals), Vauhtihirmu: Kalle Vaintola (gtr), Saku Toivanen (bass), Heikki Jytil\u00e4 (dr)<\/li>\n\n\n\n<li><strong>colouring: <\/strong>Greg Fisher @ <a href=\"http:\/\/www.digitalfilmfinland.fi\/\">Digital Film Finland<\/a><\/li>\n\n\n\n<li><strong>Dolby-mastering:<\/strong> Pekka karjalainen \/ <a href=\"http:\/\/www.meguru.fi\/\">Meguru film sound<\/a><\/li>\n\n\n\n<li><strong>thank you: <\/strong><a href=\"http:\/\/www.anikistit.net\">Turun Anikistit ry<\/a>, <a href=\"http:\/\/www.animaatio.org\/\">Animaation apupy\u00f6r\u00e4 ry<\/a>, Tv\u00e4rr ry, Lindstr\u00f6ms, Leena Kemppi, Eija Saarinen, Timo Tanskanen, Timo Muikku, Pekka Aine, Rami Kallio, Aiju Salminen, Olli Lepp\u00e4nen, Elisa Koskinen, Simo Ruotsalainen, Jarkko Romppanen, Jani Vesalainen, Kristiina Kolehmainen, Kalle Euro, Sara Bronstein, Anna Puukka, S\u00f6ss\u00f6 Salminen\/Eppu Normaaali Oy, Turkulaiset ravintolat <a href=\"http:\/\/www.rokkibaari.fi\/\">Rokkibaari<\/a>, <a href=\"http:\/\/www.tomate.fi\/www\/\">Tomate<\/a> ja Proffa, El\u00e4kel\u00e4iset-yhtye, Leo Pet\u00e4j\u00e4korpi &amp; Co.<\/li>\n\n\n\n<li><strong>produced in co-operation with:<\/strong> <a href=\"http:\/\/yle.fi\/tv1\/\">Yle TV1<\/a> Yhteistuotannot\/Sari Volanen, <a href=\"http:\/\/www.ses.fi\">Finnish film foundation<\/a>\/Raili Salmi &amp; Miia Haavisto, <a href=\"http:\/\/www.kopiosto.fi\/avek\">Avek<\/a>\/Ulla Simonen, <a href=\"http:\/\/svenska.yle.fi\/fst5\/\">FST5<\/a>\/Liselott Forsman, <a href=\"http:\/\/www.kulturfonden.fi\/start\/\">Svenska Kulturfonden<\/a>, L\u00e4nsi-Suomen elokuvakomissio, <a href=\"http:\/\/www.taideakatemia.turkuamk.fi\">Arts Academy at Turku University of Applied Sciences<\/a><\/li>\n\n\n\n<li><strong>tuotanto:<\/strong> Tomi Riionheimo<\/li>\n\n\n\n<li><strong>premiere:<\/strong> March 2008<\/li>\n<\/ul>\n\n\n<div class=\"wp-block-image\">\n<figure class=\"aligncenter size-full\"><img loading=\"lazy\" decoding=\"async\" width=\"360\" height=\"244\" src=\"https:\/\/www.indiefilms.fi\/wp-content\/uploads\/2022\/09\/kauko_studio_360.jpg\" alt=\"\" class=\"wp-image-1212\"\/><figcaption class=\"wp-element-caption\">The studio<\/figcaption><\/figure>\n<\/div>\n\n\n<h2 id=\"director\" class=\"wp-block-heading\">Director<\/h2>\n\n\n\n<p>CHRZU (Christer Lindstr\u00f6m, born 1977) focuses on directing and writing but is active in all parts of the film making from set building to sound design. Chrzu has graduated from the Arts Academy at <a href=\"http:\/\/www.taideakatemia.turkuamk.fi\/\">Turku University of Applied Sciences<\/a><\/p>\n\n\n\n<figure class=\"wp-block-image size-large\"><img loading=\"lazy\" decoding=\"async\" width=\"1024\" height=\"768\" src=\"https:\/\/www.indiefilms.fi\/wp-content\/uploads\/2022\/09\/CHRZU_director_photo_300dpi_RGB-1-1024x768.jpg\" alt=\"\" class=\"wp-image-1213\" srcset=\"https:\/\/www.indiefilms.fi\/wp-content\/uploads\/2022\/09\/CHRZU_director_photo_300dpi_RGB-1-1024x768.jpg 1024w, https:\/\/www.indiefilms.fi\/wp-content\/uploads\/2022\/09\/CHRZU_director_photo_300dpi_RGB-1-400x300.jpg 400w, https:\/\/www.indiefilms.fi\/wp-content\/uploads\/2022\/09\/CHRZU_director_photo_300dpi_RGB-1-768x576.jpg 768w\" sizes=\"auto, (max-width: 1024px) 100vw, 1024px\" \/><figcaption class=\"wp-element-caption\">CHRZU animates<\/figcaption><\/figure>\n\n\n\n<figure class=\"wp-block-gallery has-nested-images columns-4 is-cropped wp-block-gallery-1 is-layout-flex wp-block-gallery-is-layout-flex\">\n<figure class=\"wp-block-image size-large\"><img loading=\"lazy\" decoding=\"async\" width=\"130\" height=\"123\" data-id=\"1225\" src=\"https:\/\/www.indiefilms.fi\/wp-content\/uploads\/2022\/09\/kauko130_paat.jpg\" alt=\"\" class=\"wp-image-1225\"\/><\/figure>\n\n\n\n<figure class=\"wp-block-image size-large\"><img loading=\"lazy\" decoding=\"async\" width=\"130\" height=\"96\" data-id=\"1224\" src=\"https:\/\/www.indiefilms.fi\/wp-content\/uploads\/2022\/09\/kauko130_itsari2.jpg\" alt=\"\" class=\"wp-image-1224\"\/><\/figure>\n\n\n\n<figure class=\"wp-block-image size-large\"><img loading=\"lazy\" decoding=\"async\" width=\"130\" height=\"83\" data-id=\"1223\" src=\"https:\/\/www.indiefilms.fi\/wp-content\/uploads\/2022\/09\/kauko130_itsari.jpg\" alt=\"\" class=\"wp-image-1223\"\/><\/figure>\n\n\n\n<figure class=\"wp-block-image size-large\"><img loading=\"lazy\" decoding=\"async\" width=\"130\" height=\"114\" data-id=\"1222\" src=\"https:\/\/www.indiefilms.fi\/wp-content\/uploads\/2022\/09\/kauko_void_lasi_130.jpg\" alt=\"\" class=\"wp-image-1222\"\/><\/figure>\n\n\n\n<figure class=\"wp-block-image size-full\"><img loading=\"lazy\" decoding=\"async\" width=\"360\" height=\"324\" data-id=\"1221\" src=\"https:\/\/www.indiefilms.fi\/wp-content\/uploads\/2022\/09\/kauko_Tpaita_pieni.gif\" alt=\"\" class=\"wp-image-1221\"\/><\/figure>\n<\/figure>\n","protected":false},"excerpt":{"rendered":"<p>Sir Void, the heroic adventurer from the golden age of cartoons and silent film finds his way into the world of contemporary television.<\/p>\n","protected":false},"author":3,"featured_media":1210,"parent":1130,"menu_order":30,"comment_status":"closed","ping_status":"closed","template":"","meta":{"_acf_changed":false,"_locale":"en_US","_original_post":"49","footnotes":""},"categories":[5],"class_list":["post-868","page","type-page","status-publish","has-post-thumbnail","hentry","category-elokuvat","en-US"],"acf":[],"_links":{"self":[{"href":"https:\/\/www.indiefilms.fi\/wp-json\/wp\/v2\/pages\/868","targetHints":{"allow":["GET"]}}],"collection":[{"href":"https:\/\/www.indiefilms.fi\/wp-json\/wp\/v2\/pages"}],"about":[{"href":"https:\/\/www.indiefilms.fi\/wp-json\/wp\/v2\/types\/page"}],"author":[{"embeddable":true,"href":"https:\/\/www.indiefilms.fi\/wp-json\/wp\/v2\/users\/3"}],"replies":[{"embeddable":true,"href":"https:\/\/www.indiefilms.fi\/wp-json\/wp\/v2\/comments?post=868"}],"version-history":[{"count":0,"href":"https:\/\/www.indiefilms.fi\/wp-json\/wp\/v2\/pages\/868\/revisions"}],"up":[{"embeddable":true,"href":"https:\/\/www.indiefilms.fi\/wp-json\/wp\/v2\/pages\/1130"}],"wp:featuredmedia":[{"embeddable":true,"href":"https:\/\/www.indiefilms.fi\/wp-json\/wp\/v2\/media\/1210"}],"wp:attachment":[{"href":"https:\/\/www.indiefilms.fi\/wp-json\/wp\/v2\/media?parent=868"}],"wp:term":[{"taxonomy":"category","embeddable":true,"href":"https:\/\/www.indiefilms.fi\/wp-json\/wp\/v2\/categories?post=868"}],"curies":[{"name":"wp","href":"https:\/\/api.w.org\/{rel}","templated":true}]}}