{"id":917,"date":"2015-06-23T00:03:08","date_gmt":"2015-06-22T21:03:08","guid":{"rendered":"https:\/\/www.indiefilms.fi\/?page_id=917"},"modified":"2023-02-17T15:59:33","modified_gmt":"2023-02-17T13:59:33","slug":"indie-films","status":"publish","type":"page","link":"https:\/\/www.indiefilms.fi\/en\/indie-films\/","title":{"rendered":"Indie Films"},"content":{"rendered":"\n<p>Indie Films was founded at 1991 by Arto Koskinen and Petri Rossi. Petri Rossi took a good care of the company for its first ten years until Tomi Riionheimo bought the company on August 2001. The Indie Films tradition is to produce good animations and do whatever the crew likes to do. So Indie Films is and will be just what we like.<\/p>\n\n\n\n<p>Indie Films has three sublabels: <a href=\"https:\/\/www.indiefilms.fi\/en\/indie-films\/hankikanto\/\" data-type=\"page\" data-id=\"850\">Hankikanto<\/a>, <a href=\"\/en\/indie-films\/helsingin-kino-veikot\/\">Helsingin Kino-Veikot<\/a> and <a href=\"\/en\/indie-films\/kennel-kino\/\">Kennel-Kino<\/a>.<\/p>\n\n\n<ul class=\"simpletoc-list\" style=\"padding-left:0;list-style:none;\">\n<li><a href=\"#contact\">Contact<\/a>\n\n\n<li><a href=\"#hankikanto\">Hankikanto<\/a>\n\n\n\n<li><a href=\"#helsingin-kinoveikot\">Helsingin Kino-Veikot<\/a>\n\n<\/li>\n<li><a href=\"#kennelkino\">Kennel-Kino<\/a>\n<\/li><\/ul>\n\n\n<h2 class=\"wp-block-heading\" id=\"contact\">Contact<\/h2>\n\n\n<div id=\"contact-block_9740a9b1f465d582156793c5e6dc08b2\" class=\"contact\">\n\t\t\t<ul class=\"list-unstyled mb-1\"><li><h3 class=\"h4\">Indie Films Oy<\/h3><\/li><li>J\u00e4\u00e4k\u00e4rinkatu 11 C 46, 00150 Helsinki<\/li><\/ul><ul class=\"list-unstyled mb-1\"><li><a href=\"mailto:&#105;&#110;d&#105;&#101;&#102;&#105;lm&#115;&#64;&#105;ndi&#101;films.&#102;i\">i&#110;d&#105;&#101;&#102;&#105;&#108;&#109;&#115;&#64;&#105;n&#100;ief&#105;&#108;&#109;s.f&#105;<\/a><\/li><li><a href=\"tel:+358405634603\">+358405634603<\/a><\/li><\/ul><ul class=\"list-unstyled mb-2\"><li>Y-tunnus 0895650-9<\/li><\/ul>\n\t\t\n\t\t\n\t<\/div>\n\n\n<h3 class=\"wp-block-heading\" id=\"people\">People<\/h3>\n\n\n\n<p>The company does not employ regular labour but here are some of the activists:<\/p>\n\n\n\n<ul class=\"wp-block-list\"><li>Tomi Riionheimo, CEO, producer, director &amp; the cleaning man: E-mail: tomi.riionheimo (at) indiefilms.fi<\/li><li>Jyrki Kaipainen, producer<\/li><li>Mikko Kekki, web designer, member of the board<\/li><li>Yk\u00e4 J\u00e4rvinen, dirctor, editor and cameraman, E-mail: yrpa (at) indiefilms.fi<\/li><li>Jan Andersson, director, animator, E-mail: jan.andersson (at) indiefilms.fi<\/li><li>Hannu &#8220;Laiska&#8221; Lajunen, director, animator, webman, E-mail: hannu [a] lajunen.fi<\/li><\/ul>\n\n\n\n<div style=\"height:24px\" aria-hidden=\"true\" class=\"wp-block-spacer\"><\/div>\n\n\n\n<h2 class=\"wp-block-heading\" id=\"hankikanto\">Hankikanto<\/h2>\n\n\n\n<p>Hankikanto is a sublabel of Indie Films that publishes CD\u2019s, vinyls and books. Yes \u2013 there is good to have some hobbies outside of the film making! This far we have published seven (7) CD\u2019s, one 7\u2033 picture vinyl and a comic book (the book together with Ilias publishing company).<\/p>\n\n\n\n<p>Do not be afraid to buy our great stuff.<\/p>\n\n\n\n<h3 class=\"wp-block-heading\" id=\"music\">Music publications<\/h3>\n\n\n\n<p><a href=\"\/company\/hankikanto\">Hankikanto<\/a>&nbsp;is a sublabel of Indie Films that puts out some music every now and then. You can order these directly from us \u2013 just e-mail to tomi.riionheimo (at) indiefilms.fi \u2013 you can pay by IBAN, PayPal or with major credit cards. We add 1-2 eur for the postages outside Finland. WARNING! Most of this stuff is real HARDCORE JAZZ!<\/p>\n\n\n\n<ul class=\"wp-block-list\"><li>Cleaning Women: Hankerchifs For Sale OST (7\u2033 kuvalevy) 8\u20ac<\/li><li>Lauri Hannu: Vegetable Guitar Vol 1. CD 15\u20ac<\/li><li>Jouni Joronen: The Legmaster CD 10\u20ac<\/li><li>Jouni Joronen: The Legmaster Vol 2 CD 10\u20ac<\/li><li>Kostajat: Pime\u00e4\u00e4 ainetta CD 10\u20ac<\/li><li>The Partylandmen: Manitoba Motorway CD 10\u20ac<\/li><li>The Partylandmen: Atonal Standads Vol 1 CD 10\u20ac<\/li><li>Sakilaiset: Stadin kundi CD 18\u20ac<\/li><\/ul>\n\n\n\n<h4 class=\"wp-block-heading\" id=\"earlier-indie-films-music-production\">Earlier Indie Films music production<\/h4>\n\n\n\n<ul class=\"wp-block-list\"><li>Rieku ja Raiku Soundtrack CD\/CD-ROM 10\u20ac<\/li><\/ul>\n\n\n\n<div style=\"height:24px\" aria-hidden=\"true\" class=\"wp-block-spacer\"><\/div>\n\n\n\n<h2 class=\"wp-block-heading\" id=\"helsingin-kinoveikot\">Helsingin Kino-Veikot<\/h2>\n\n\n\n<figure class=\"wp-block-image size-full\"><img loading=\"lazy\" decoding=\"async\" width=\"120\" height=\"23\" src=\"https:\/\/www.indiefilms.fi\/wp-content\/uploads\/2022\/10\/veikot_120.gif\" alt=\"\" class=\"wp-image-1269\"\/><\/figure>\n\n\n\n<p>= The Helsinki Kino Dudes<\/p>\n\n\n\n<p>This sublabel was formed at 2001 to be a DIY and only for fun section of Indie Films. But it seems that there have been enough fun and DIY in the Indie Films itself so Kino-Veikot have been inactive ever since except some Super-8 porn animation and Super-8 action porn flick screenings at Animatricks and Riemu festivals.<\/p>\n\n\n\n<p>So if you need some vintage animated or action porn shows to be screened at your pirivate party please do not hesitate to contact Kino-Veikot through Indie Films contact address.<\/p>\n\n\n\n<div style=\"height:24px\" aria-hidden=\"true\" class=\"wp-block-spacer\"><\/div>\n\n\n\n<h2 class=\"wp-block-heading\" id=\"kennelkino\">Kennel-Kino<\/h2>\n\n\n\n<figure class=\"wp-block-image size-full\"><img loading=\"lazy\" decoding=\"async\" width=\"120\" height=\"17\" src=\"https:\/\/www.indiefilms.fi\/wp-content\/uploads\/2022\/10\/kennel-kino.gif\" alt=\"\" class=\"wp-image-1270\"\/><\/figure>\n\n\n\n<p>This is not really a sublabel. Kennel-Kino was a DIY Super-8 film production label in the nineties and the catalogue is now taken care by Indie Films.<\/p>\n\n\n\n<p>Kennel-Kino productions (dir. Tomi Riionheimo if not otherwise mentioned)<\/p>\n\n\n\n<ul class=\"wp-block-list\"><li>Keskiy\u00f6n kuumat huulet, D, 3 min, 2001<\/li><li>Rantarock 2000, D, 3 min, 1999<\/li><li>Ajankohtaistoimitus I &amp; II, A, 1 min, 1999, (dir: Anna Cadia &amp; Pekka Jokinen)<\/li><li>Portaat, F, 1min, 1998<\/li><li>Kaleva, D, 2 min, 1998 (dir. Pekka Jokinen)<\/li><li>Eih\u00e4n?, D, 2 min, 1997<\/li><li>Treffit, D, 3 min, 1997<\/li><li>N\u00e4in tehtiin dokumenttielokuva Treffit, D, 1 min, 1997<\/li><li>Totuus D, 2 min, 1996<\/li><li>The Wild Savages, F, 4 min, 1997 (dir. Pekka Jokinen)<\/li><\/ul>\n\n\n\n<p>All films are available on BetaSP<\/p>\n","protected":false},"excerpt":{"rendered":"<p>The Indie Films tradition is to produce good animations and do whatever the crew likes to do. So Indie Films is and will be just what we like.<\/p>\n","protected":false},"author":3,"featured_media":0,"parent":0,"menu_order":40,"comment_status":"closed","ping_status":"closed","template":"","meta":{"_acf_changed":false,"_locale":"en_US","_original_post":"915","footnotes":""},"categories":[],"class_list":["post-917","page","type-page","status-publish","hentry","en-US"],"acf":[],"_links":{"self":[{"href":"https:\/\/www.indiefilms.fi\/wp-json\/wp\/v2\/pages\/917","targetHints":{"allow":["GET"]}}],"collection":[{"href":"https:\/\/www.indiefilms.fi\/wp-json\/wp\/v2\/pages"}],"about":[{"href":"https:\/\/www.indiefilms.fi\/wp-json\/wp\/v2\/types\/page"}],"author":[{"embeddable":true,"href":"https:\/\/www.indiefilms.fi\/wp-json\/wp\/v2\/users\/3"}],"replies":[{"embeddable":true,"href":"https:\/\/www.indiefilms.fi\/wp-json\/wp\/v2\/comments?post=917"}],"version-history":[{"count":0,"href":"https:\/\/www.indiefilms.fi\/wp-json\/wp\/v2\/pages\/917\/revisions"}],"wp:attachment":[{"href":"https:\/\/www.indiefilms.fi\/wp-json\/wp\/v2\/media?parent=917"}],"wp:term":[{"taxonomy":"category","embeddable":true,"href":"https:\/\/www.indiefilms.fi\/wp-json\/wp\/v2\/categories?post=917"}],"curies":[{"name":"wp","href":"https:\/\/api.w.org\/{rel}","templated":true}]}}