{"id":945,"date":"2015-06-23T11:17:57","date_gmt":"2015-06-23T08:17:57","guid":{"rendered":"https:\/\/www.indiefilms.fi\/?page_id=945"},"modified":"2023-02-17T15:59:33","modified_gmt":"2023-02-17T13:59:33","slug":"tomi-riionheimo","status":"publish","type":"page","link":"https:\/\/www.indiefilms.fi\/en\/indie-films\/tomi-riionheimo\/","title":{"rendered":"Tomi Riionheimo"},"content":{"rendered":"\n<h2 class=\"wp-block-heading\" id=\"tomi-riionheimon-s-1966-cv\">Tomi Riionheimon (s. 1966) CV<\/h2>\n\n\n\n<h3 class=\"wp-block-heading\" id=\"koulutus\">Koulutus<\/h3>\n\n\n\n<ul class=\"wp-block-list\"><li>ylioppilas 1985<\/li><li>filosofian kandidaatti 1994, Joensuun Yliopisto, luonnontieteellinen tiedekunta (maantiede, biologia ja kasvatustiede &#8211; opetusharjoittelu suoritettu)<\/li><\/ul>\n\n\n\n<h3 class=\"wp-block-heading\" id=\"nykyiset-palvelusuhteet-ja-sitoumukset\">Nykyiset palvelusuhteet ja sitoumukset<\/h3>\n\n\n\n<ul class=\"wp-block-list\"><li>elokuu 2001- Indie Films Oy, tekij\u00e4, toimitusjohtaja ja tuottaja, freelance-graafikko<\/li><\/ul>\n\n\n\n<h3 class=\"wp-block-heading\" id=\"aiemmat-tyosuhteet\">Aiemmat ty\u00f6suhteet<\/h3>\n\n\n\n<ul class=\"wp-block-list\"><li>Puolip\u00e4iv\u00e4toiminen \u00e4\u00e4nilevymyyj\u00e4, <a href=\"http:\/\/www.stupido.fi\/\">Stupido Shop<\/a>, Helsinki 2003<\/li><li>Freelance-graafikko, elokuvantekij\u00e4 ja sarjakuvapiirt\u00e4j\u00e4 1993-<\/li><li>Osa-aikainen \u00e4\u00e4nilevykauppias ja yritt\u00e4j\u00e4, Maailman \u00e4\u00e4ni ja valo osakeyhti\u00f6, \u00e4\u00e4nilevyliike <a href=\"http:\/\/levy-eskot.com\/\">Levy-Eskot<\/a>, Joensuu 1998-2001<\/li><li>Anatomian ja fysiologian tuntiopettaja ja vt lehtori, <a href=\"http:\/\/www.ncp.fi\/\">Pohjois-Karjalan ammattikorkeakoulu<\/a> ja alan ammatilliset oppilaitokset 1996-2001<\/li><li>Biologian ja maantieteen sivutoiminen- tai tuntiopettaja, mm. <a href=\"http:\/\/lysil.jns.fi\/\">Joensuun aikuislukio<\/a>, <a href=\"http:\/\/jnor.joensuu.fi\/\">Joensuun normaalikoulun<\/a> yl\u00e4aste ja lukio 1991-1996<\/li><li>Lvi-myyj\u00e4 ja varastomies, <a href=\"http:\/\/www.putkilampo.com\/\">Kangasalan putkil\u00e4mp\u00f6 Oy<\/a> ja Oy Huber Ab, Joensuu 1984-90<\/li><\/ul>\n\n\n\n<h3 class=\"wp-block-heading\" id=\"elokuvataiteellinen-ja-viihteellinen-toiminta\">Elokuvataiteellinen ja -viihteellinen toiminta<\/h3>\n\n\n\n<h4 class=\"wp-block-heading\" id=\"tuottajana\">tuottajana<\/h4>\n\n\n\n<ul class=\"wp-block-list\"><li>Jan Andersson &amp; Katja Kettu: Mankeli 2011<\/li><li>CHRZU: Kaukosaaren kirous, A, 16 min, 2008<\/li><li>Tango Finlandia, A, 6 min, 2006<\/li><li>Childern of Bodom, Chaos Ridden Years, DVD: dokumenttiekstrat (2006)<\/li><li>Pelle Miljoona, El\u00e4! -DVD (yhdess\u00e4 Joose Berglundin kanssa) 2005<\/li><li>Jan Andersson: Nen\u00e4liinoja myyt\u00e4v\u00e4n\u00e4, A, 17 min, 2003<\/li><li><a href=\"http:\/\/www.humppa.com\/\">El\u00e4kel\u00e4iset<\/a>: Sekoilun ytimess\u00e4 DVD 2003<\/li><li>Isot asiat mitk\u00e4 liikkuu -TV-sarja Moon TV:lle, 8 x 25 min, 2002<\/li><\/ul>\n\n\n\n<h4 class=\"wp-block-heading\" id=\"ohjaajana\">ohjaajana<\/h4>\n\n\n\n<ul class=\"wp-block-list\"><li>Tango Finlandia, A, 6 min. yhdess\u00e4 Hannu Lajusen kanssa<\/li><li>Turkkusex 2004 TV-mainokset (2004)<\/li><li><a href=\"http:\/\/www.ilosaarirock.fi\/\">Ilosaarirock<\/a> TV-mainokset, 2003<\/li><li>Onni soittaa urkuja, D, 3min, 2003 yhdess\u00e4 Yk\u00e4 J\u00e4rvisen kanssa<\/li><li>Rieku ja Raiku -animaatiosarja 2000, yhdess\u00e4 Hannu Lajusen kanssa<\/li><li>Folio-Olio kohtaa Lapin seriffin, F, 4 min, 1995 (nimell\u00e4 Pekka Jokinen)<\/li><\/ul>\n\n\n\n<h4 class=\"wp-block-heading\" id=\"musiikkivideot\">musiikkivideot<\/h4>\n\n\n\n<ul class=\"wp-block-list\"><li>El\u00e4kel\u00e4iset: Humppaa veress\u00e4 (2013)<\/li><li>El\u00e4kel\u00e4iset: Humppapullon henget -lyhytanimaatiosarja (2013)<\/li><li>El\u00e4kel\u00e4iset: Das Model<\/li><li>The Hypnomen: Bustin Out -video Yk\u00e4 J\u00e4rvisen kanssa (2004)<\/li><li>Arto Muna ja Millennium: Kes\u00e4y\u00f6n unelma<\/li><li>Come Inside: Follow Me<\/li><li>Tampere: Tallinna<\/li><li>El\u00e4kel\u00e4iset: Kev\u00e4thumppa<\/li><li>El\u00e4kel\u00e4iset: Kiitokset humpasta (Hannu Lajusen kanssa)<\/li><li>El\u00e4kel\u00e4iset: Humppasonni<\/li><li>El\u00e4kel\u00e4iset: Humppaa saatanat<\/li><li>Tehosekoitin: Pillit\u00e4 elli pillit\u00e4<\/li><li>Tehosekoitin: Asfaltti polttaa<\/li><li>Pool: Ki<\/li><li>El\u00e4kel\u00e4iset: Humppamedia<\/li><li>Oscar H.O.T. Quartet: M\u00f6rgzig<\/li><li>Karkkiautomaatti: Seikkailuun<\/li><li>El\u00e4kel\u00e4iset: El\u00e4n Humpalla<\/li><li>El\u00e4kel\u00e4iset: Poro<\/li><li>El\u00e4kel\u00e4iset: Tahdon olla Tarvaj\u00e4rvi<\/li><li>Pool: Just for me<\/li><\/ul>\n\n\n\n<h4 class=\"wp-block-heading\" id=\"8-mm-lyhytelokuvaohjaukset\">8 mm lyhytelokuvaohjaukset<\/h4>\n\n\n\n<ul class=\"wp-block-list\"><li>Keskiy\u00f6n kuumat huulet, D, 3 min, 2001<\/li><li>Rantarock 2000, D, 3 min, 1999<\/li><li>Ajankohtaistoimitus I &amp; II, A, 1 min, 1999, o: Anna Cadia &amp; Pekka Jokinen<\/li><li>Portaat, F, 1min, 1998<\/li><li>Kaleva, D, 2 min, 1998 (Pekka Jokinen)<\/li><li>Eih\u00e4n?, D, 2 min, 1997<\/li><li>Treffit, D, 3 min, 1997<\/li><li>N\u00e4in tehtiin dokumenttielokuva Treffit, D, 1 min, 1997<\/li><li>Totuus D, 2 min,1996<\/li><li>The Wild Savages, F, 4 min, 1997 (Pekka Jokinen)<\/li><\/ul>\n\n\n\n<h3 class=\"wp-block-heading\" id=\"muu-kuin-elokuvataiteellinen-toiminta\">Muu kuin elokuvataiteellinen toiminta<\/h3>\n\n\n\n<h4 class=\"wp-block-heading\" id=\"tarkeimmat-sarjakuvat-piirrostyo-osassa-myos-kasikirjoitukset\">T\u00e4rkeimm\u00e4t sarjakuvat (piirrosty\u00f6, osassa my\u00f6s k\u00e4sikirjoitukset)<\/h4>\n\n\n\n<ul class=\"wp-block-list\"><li>Rieku ja Raiku, Me-lehti 1999-2005 (aikaisemmin ylioppilaslehdess\u00e4)<\/li><li>Ajankohtaistoimitus-strippi, Like-uutiset 2000-2002, Johnny Kniga kertoo 2002-2004<\/li><li>Puhu pukille -strippi, Ilta-Sanomat, joulukuu 2001, viikonloppusarjat joulukuussa 2003<\/li><\/ul>\n\n\n\n<h4 class=\"wp-block-heading\" id=\"sarjakuvaalbumit\">Sarjakuva-albumit<\/h4>\n\n\n\n<ul class=\"wp-block-list\"><li>Me Rieku ja Raiku , k\u00e4sik. Jari Lehikoinen (<a href=\"http:\/\/www.ilias.fi\/\">Ilias<\/a> &amp; Hankikanto 2005)<\/li><li>T\u00e4m\u00e4 Tarina on tosi- strippivihko , k\u00e4sik. Pauli Kallio (TAMY &amp; Suuri kurpitsa 1999)<\/li><li>Rieku ja Raiku, tiputarhan kuvakirja, k\u00e4sik. Jari Lehikoinen (Jalava 1994)<\/li><li>Talvella voi hiiht\u00e4\u00e4 (Sarjakuvaseura suuri kurpitsa 1993)<\/li><\/ul>\n\n\n\n<h4 class=\"wp-block-heading\" id=\"muita-graafisia-toita\">Muita graafisia t\u00f6it\u00e4<\/h4>\n\n\n\n<ul class=\"wp-block-list\"><li>Kirjan kuvitukset: Sen piti olla normikeikka 1 &amp; 2 (Paasilinna 2010 ja 2011)<\/li><li>Kirjan kansi: Verotuksen perusteet&#8230; Keijo Remes\/SES, 2007<\/li><li>Juliste: Nevari-tapahtuma, Nurmes 2007<\/li><li>Kirjan kuvitus: Pekka ja Toivonen, norjalaisten parhaat suomalaisvitsit, <a href=\"http:\/\/www.atenakustannus.fi\/\">Atena kustannus<\/a> 2004<\/li><li>Kannet: El\u00e4kel\u00e4iset-yhtye, Sekoilun ytimess\u00e4 DVD 2003<\/li><li>Sein\u00e4maalausten suunnittelu: <a href=\"http:\/\/www.kerubi.fi\/\">Kerubin kuppila<\/a>, Joensuu, 2003<\/li><li>Graafinen ilme: F.B.N. Annual World Conference, Helsinki 2002<\/li><li>Kirjan kuvitus: Axa Sorjanen &#8211; Tomi Riionheimo: Puhu pukille, Tammi, 2000<\/li><li>Graafinen ilme, printtimainontaa: <a href=\"http:\/\/www.radiohelsinki.fi\/\">Radio Helsinki<\/a> 2000-2005<\/li><li>Graafinen ilme: <a href=\"http:\/\/riemufestivaali.fi\/\">Riemufestivaali<\/a> ja Riemuklubi 2001-2006<\/li><li>Graafinen ilme (piirrokset, julisteet y.m.): El\u00e4kel\u00e4iset-yhtye 1994-<\/li><li>Sisustus ja graafinen ilme: \u00e4\u00e4nievyliike Levy-Eskot, Joensuu: 1998-2001<\/li><\/ul>\n\n\n\n<h4 class=\"wp-block-heading\" id=\"aanilevyjen-ym-kansia\">\u00c4\u00e4nilevyjen ym. kansia<\/h4>\n\n\n\n<ul class=\"wp-block-list\"><li>El\u00e4kel\u00e4iset: Humppakalmisto (2013)<\/li><li><a href=\"http:\/\/www.humppa.com\">El\u00e4kel\u00e4iset<\/a>: Humppasheikkailu (2012)<\/li><li>Kumikameli: Voima ja kunnia (2010)<\/li><li>El\u00e4kel\u00e4iset: Humppabingo (2009)<\/li><li>El\u00e4kel\u00e4iset: Ukki, mit\u00e4 oli jenkka? (2009)<\/li><li>El\u00e4kel\u00e4iset: Humppa United (2008)<\/li><li>El\u00e4kel\u00e4iset. Humppakonsertto (2007)<\/li><li>Trio Hurjaporo: S\/T (2007)<\/li><li>Pelle Miljoona: El\u00e4! DVD(2005)<\/li><li>Jouni Joronen: The Legmaster vol. II (2005)<\/li><li>The Partylandmen: Atonal Standards Vol. I (2005)<\/li><li>Jouni Joronen: The Legmaster (2004)<\/li><li>The Partlandmen: Manitoba Motorway (2004)<\/li><li><a href=\"http:\/\/fclate.org\/\">Lauri Hannu<\/a>: Vegetable Guitar Vol. 1. (2004) &#8211; layout<\/li><li>Kantri-Antero &amp; Rahtarit: Rahtari never sleeps CDs, Nuppi ei tutise CD (2004) &#8211; layout<\/li><li>Wild Willie &amp; Big Deal: Boogie Station (2004) &#8211; layout<\/li><li>The Nightingales: Cartoon of a Band (Saksassa julkaistu kokoelma-CD, (2003)<\/li><li><a href=\"http:\/\/www.kumikameli.com\/\">Kumikameli<\/a>: Oparin aarteet &#8211; layout<\/li><li>Kumikameli: Avara luonto CD<\/li><li>Kumikameli: La Serenada CD &#8211; layout<\/li><li>Kumikameli: Senssit CD (yhdess\u00e4 Hannu Lajusen kanssa)<\/li><li>Kumikameli: Parhautta CD (yhdess\u00e4 Hannu Lajusen kanssa)<\/li><li>Kumikameli: Kaputtheit CD (yhdess\u00e4 Hannu Lajusen kanssa)<\/li><li>Kumikameli: Voitto EP (yhdess\u00e4 Hannu Lajusen kanssa)<\/li><li>El\u00e4kel\u00e4iset: Humppakonsertto (2007)<\/li><li>El\u00e4kel\u00e4iset: Humppasirkus (2006)<\/li><li>El\u00e4kel\u00e4iset: Jukolan humppa CDs (2006)<\/li><li>El\u00e4kel\u00e4iset: Humppael\u00e4m\u00e4\u00e4 CD (piirrokset)<\/li><li>El\u00e4kel\u00e4iset: Sekoilun ytimess\u00e4 DVD (2002)<\/li><li>El\u00e4kel\u00e4iset: Kev\u00e4thumppa CDs (piirrokset)<\/li><li>El\u00e4kel\u00e4iset: Katkolla humppa CDs (piirrokset)<\/li><li>El\u00e4kel\u00e4iset: Joulutorttu EP (piirrokset)<\/li><li>El\u00e4kel\u00e4iset: Humppa-akatemia 2CD<\/li><li>El\u00e4kel\u00e4iset: Werbung baby CD ja kuva-LP (yhdess\u00e4 Hannu Lajusen kanssa)<\/li><li>El\u00e4kel\u00e4iset: Humppamaratooni CD ja LP (yhdess\u00e4 Hannu Lajusen kanssa)<\/li><li>El\u00e4kel\u00e4iset: Humpan kuninkaan hovissa CD (yhdess\u00e4 Hannu Lajusen kanssa)<\/li><li>El\u00e4kel\u00e4iset: Humpan kuninkaan hovissa 1994-1996 CD (saksalainen julkaisu)<\/li><li>El\u00e4kel\u00e4iset: Humppal\u00f6yly CDep (yhdess\u00e4 Hannu Lajusen kanssa)<\/li><li>El\u00e4kel\u00e4iset: Humppak\u00e4r\u00e4j\u00e4t CD (kansivihkon piirroskuvat)<\/li><li>Wild Willie and Big Deal: Tie Up &amp; Jive CD<\/li><li>Pool: Popchrome CDs (yhdess\u00e4 Hannu Lajusen kanssa)<\/li><li>Pool: Widescreen miniCD (yhdess\u00e4 Hannu Lajusen kanssa)<\/li><li>Pool: Once miniCD<\/li><li>Pool: Again st miniCD<\/li><li><a href=\"http:\/\/www.myspace.com\/oscarhotquartet\">Oscar Hot Quartet<\/a>: Standard Surfing With The Torture Groove miniCD<\/li><li>Oscar Hot Quartet: Make a Hot Noise Here miniCD<\/li><li>Tampere Big Band: Late fortunes CD<\/li><li>Lauri Hannu: Instrumental Health CD<\/li><li>Late&#8217;s Brutal mono. Live at the Tampere Jazz Happening CD (keltakantinen versio)<\/li><li>The Body: Add Only Water CD<\/li><li>V\/A: Haistakaapapaska (saksalaisen <a href=\"http:\/\/www.ox-fanzine.de\/\">OX-fanzinen<\/a> ilmais-CD)<\/li><li>Nightingales: Nostalgia For The Reptiles miniCD (kannen piirrokset)<\/li><li>V\/(A: Maakuntasarjan mutapainia (yhdess\u00e4 Hannu Lajusen kanssa)<\/li><\/ul>\n\n\n\n<h4 class=\"wp-block-heading\" id=\"kokemus-aanilevytuotannoista\">Kokemus \u00e4\u00e4nilevytuotannoista<\/h4>\n\n\n\n<p>Vastaavana (ei taiteellisena) tuottajana ja tuotannonsuunnittelijana seuraavissa \u00e4\u00e4nilevyprojekteissa:<\/p>\n\n\n\n<ul class=\"wp-block-list\"><li>Oscar H.O.T. Quartet: Make a hot noise here (2001) ja Standard surfing&#8230; (1999)<\/li><li>Pool: Popchrome, Widescreen, Once ja Again St (1998-2000)<\/li><li>Lauri Hannu: Instrumental health (1998)<\/li><li>Rieku ja Raiku Soundtrack<\/li><\/ul>\n\n\n\n<h3 class=\"wp-block-heading\" id=\"luottamustoimet\">Luottamustoimet<\/h3>\n\n\n\n<ul class=\"wp-block-list\"><li><a href=\"http:\/\/www.ilosaarirock.fi\/popmuusikot\/\">Joensuun popmuusikot ry<\/a>, hallituksen j\u00e4sen 1996-2000<\/li><li>Palikka ry, ep\u00e4aktiivinen j\u00e4sen 2000 &#8211;<\/li><li>Joensuun nuori rytmi Oy (Kerubi), hallituksen j\u00e4sen 1999<\/li><\/ul>\n","protected":false},"excerpt":{"rendered":"<p>Tomi Riionheimo &#8211; CV<\/p>\n","protected":false},"author":3,"featured_media":0,"parent":917,"menu_order":28,"comment_status":"closed","ping_status":"closed","template":"","meta":{"_acf_changed":false,"_locale":"en_US","_original_post":"10","footnotes":""},"categories":[],"class_list":["post-945","page","type-page","status-publish","hentry","en-US"],"acf":[],"_links":{"self":[{"href":"https:\/\/www.indiefilms.fi\/wp-json\/wp\/v2\/pages\/945","targetHints":{"allow":["GET"]}}],"collection":[{"href":"https:\/\/www.indiefilms.fi\/wp-json\/wp\/v2\/pages"}],"about":[{"href":"https:\/\/www.indiefilms.fi\/wp-json\/wp\/v2\/types\/page"}],"author":[{"embeddable":true,"href":"https:\/\/www.indiefilms.fi\/wp-json\/wp\/v2\/users\/3"}],"replies":[{"embeddable":true,"href":"https:\/\/www.indiefilms.fi\/wp-json\/wp\/v2\/comments?post=945"}],"version-history":[{"count":0,"href":"https:\/\/www.indiefilms.fi\/wp-json\/wp\/v2\/pages\/945\/revisions"}],"up":[{"embeddable":true,"href":"https:\/\/www.indiefilms.fi\/wp-json\/wp\/v2\/pages\/917"}],"wp:attachment":[{"href":"https:\/\/www.indiefilms.fi\/wp-json\/wp\/v2\/media?parent=945"}],"wp:term":[{"taxonomy":"category","embeddable":true,"href":"https:\/\/www.indiefilms.fi\/wp-json\/wp\/v2\/categories?post=945"}],"curies":[{"name":"wp","href":"https:\/\/api.w.org\/{rel}","templated":true}]}}